{"id":25535,"date":"2025-05-12T15:11:00","date_gmt":"2025-05-12T13:11:00","guid":{"rendered":"https:\/\/www.skymade.it\/?post_type=product&#038;p=25535"},"modified":"2026-04-08T12:23:28","modified_gmt":"2026-04-08T10:23:28","slug":"cupro-breeze-2","status":"publish","type":"product","link":"https:\/\/www.skymade.it\/fr\/product\/cupro-breeze-2\/","title":{"rendered":"Cupro Breeze"},"content":{"rendered":"<p>Freschi, leggeri e dal tocco setoso, gli shorts in cupro garantiscono comfort e stile con un design essenziale. La linea pulita \u00e8 arricchita da un taglio stondato sul fondo gamba, elemento che conferisce movimento e femminilit\u00e0 al capo. La vita regolare con tasche laterali li rende perfetti per la quotidianit\u00e0 estiva: ideali con una t-shirt o una camicia morbida per un look pratico ma curato.<\/p>\n<p>Materiale:<\/p>\n<p>64% Cupro 32%Poliestere\u00a0 4% Elastane<\/p>","protected":false},"excerpt":{"rendered":"<p>Freschi, leggeri e dal tocco setoso, gli shorts in cupro garantiscono comfort e stile con un design essenziale. La linea pulita \u00e8 arricchita da un taglio stondato sul fondo gamba, elemento che conferisce movimento e femminilit\u00e0 al capo. La vita regolare con tasche laterali li rende perfetti per la quotidianit\u00e0 estiva: ideali con una t-shirt&#8230;<\/p>","protected":false},"featured_media":25532,"comment_status":"open","ping_status":"closed","template":"","meta":{"inline_featured_image":false,"_kad_post_transparent":"default","_kad_post_title":"","_kad_post_layout":"default","_kad_post_sidebar_id":"","_kad_post_content_style":"default","_kad_post_vertical_padding":"default","_kad_post_feature":"","_kad_post_feature_position":"","_kad_post_header":false,"_kad_post_footer":false,"_kad_post_classname":""},"product_brand":[],"product_cat":[46,55],"product_tag":[],"class_list":{"0":"post-25535","1":"product","2":"type-product","3":"status-publish","4":"has-post-thumbnail","6":"product_cat-donna","7":"product_cat-shorts","9":"first","10":"instock","11":"shipping-taxable","12":"purchasable","13":"product-type-variable","14":"has-default-attributes","15":"entry","16":"content-bg","17":"loop-entry"},"jetpack_sharing_enabled":true,"_links":{"self":[{"href":"https:\/\/www.skymade.it\/fr\/wp-json\/wp\/v2\/product\/25535","targetHints":{"allow":["GET"]}}],"collection":[{"href":"https:\/\/www.skymade.it\/fr\/wp-json\/wp\/v2\/product"}],"about":[{"href":"https:\/\/www.skymade.it\/fr\/wp-json\/wp\/v2\/types\/product"}],"replies":[{"embeddable":true,"href":"https:\/\/www.skymade.it\/fr\/wp-json\/wp\/v2\/comments?post=25535"}],"wp:featuredmedia":[{"embeddable":true,"href":"https:\/\/www.skymade.it\/fr\/wp-json\/wp\/v2\/media\/25532"}],"wp:attachment":[{"href":"https:\/\/www.skymade.it\/fr\/wp-json\/wp\/v2\/media?parent=25535"}],"wp:term":[{"taxonomy":"product_brand","embeddable":true,"href":"https:\/\/www.skymade.it\/fr\/wp-json\/wp\/v2\/product_brand?post=25535"},{"taxonomy":"product_cat","embeddable":true,"href":"https:\/\/www.skymade.it\/fr\/wp-json\/wp\/v2\/product_cat?post=25535"},{"taxonomy":"product_tag","embeddable":true,"href":"https:\/\/www.skymade.it\/fr\/wp-json\/wp\/v2\/product_tag?post=25535"}],"curies":[{"name":"wp","href":"https:\/\/api.w.org\/{rel}","templated":true}]}}