{"id":16,"date":"2024-12-11T23:38:39","date_gmt":"2024-12-11T22:38:39","guid":{"rendered":"https:\/\/phenomenal-pellerin-l6a.zipwp.link\/?page_id=16"},"modified":"2025-06-03T18:42:35","modified_gmt":"2025-06-03T16:42:35","slug":"condiciones-generales-de-venta","status":"publish","type":"page","link":"https:\/\/www.skymade.it\/es\/condizioni-generali-di-vendita\/","title":{"rendered":"Condiciones generales de venta"},"content":{"rendered":"<div data-elementor-type=\"wp-page\" data-elementor-id=\"16\" class=\"elementor elementor-16\" data-elementor-post-type=\"page\">\n\t\t\t\t<div class=\"elementor-element elementor-element-bda3090 e-flex e-con-boxed e-con e-parent\" data-id=\"bda3090\" data-element_type=\"container\" data-e-type=\"container\">\n\t\t\t\t\t<div class=\"e-con-inner\">\n\t\t\t\t<div class=\"elementor-element elementor-element-7295eb9 elementor-widget elementor-widget-heading\" data-id=\"7295eb9\" data-element_type=\"widget\" data-e-type=\"widget\" data-widget_type=\"heading.default\">\n\t\t\t\t<div class=\"elementor-widget-container\">\n\t\t\t\t\t<h2 class=\"elementor-heading-title elementor-size-default\">CONDIZIONI GENERALI DI VENDITA<\/h2>\t\t\t\t<\/div>\n\t\t\t\t<\/div>\n\t\t\t\t<div class=\"elementor-element elementor-element-d256ff6 elementor-widget elementor-widget-text-editor\" data-id=\"d256ff6\" data-element_type=\"widget\" data-e-type=\"widget\" data-widget_type=\"text-editor.default\">\n\t\t\t\t<div class=\"elementor-widget-container\">\n\t\t\t\t\t\t\t\t\t<p><strong>INTRODUZIONE GENERALE<\/strong><\/p><p>Art. 1 \u2013 Disposizioni generali<\/p><ol><li>L\u2019utente navigando in quest\u2019area accede a skymade.it, accessibile mediante l\u2019url: https:\/\/www.skymade.it\/ (d\u2019ora in avanti chiamato \u201cskymade\u201d). La navigazione e la trasmissione di un ordine di acquisto sul sito comportano l\u2019accettazione delle Condizioni e delle Politiche di Protezione dei Dati adottate dal sito stesso ivi indicate.<br \/>2. Le presenti Condizioni Generali di Vendita si applicano alla vendita di beni ed alla fornitura di servizi con esclusivo riferimento agli acquisti effettuati sul sito conformemente alle disposizioni della Parte III, Titolo III, Capo I, Codice del Consumo (D.lgs. n. 206\/05 modificato dal D.lgs. n. 21\/14 e D.lgs. 70\/03) da parte di<\/li><\/ol><p>Societ\u00e0 Go&amp;Co S.R.L.<br \/>Sede: Via Bocchetto, 6, 20123 Milano <br \/>Partita IVA: 04082400120<\/p><p>Iscritta al REA, numero MI &#8211; 2766658<\/p><ol start=\"3\"><li><br \/>L\u2019utente \u00e8 tenuto, prima di accedere ai prodotti e servizi forniti dal sito, a leggere le presenti Condizioni Generali di Vendita che si intendono generalmente ed inequivocabilmente accettate al momento dell&#8217;acquisto.<br \/>4. Si invita l\u2019utente a scaricare e stampare una copia del modulo d\u2019acquisto e delle presenti Condizioni Generali di Vendita i cui termini Go&amp;Co S.R.L. si riserva di modificare unilateralmente e senza alcun preavviso.<\/li><\/ol><p><br \/>Art. 2 \u2013 Oggetto<\/p><ol><li>Le presenti Condizioni Generali di Vendita disciplinano l\u2019offerta, l\u2019inoltro e l\u2019accettazione di ordini d\u2019acquisto di bene e servizi su skymade.it e non disciplinano, invece, la fornitura di servizi o la vendita di prodotti da parte di soggetti diversi dal venditore che siano presenti sul medesimo sito tramite link, banner o altri collegamenti ipertestuali.<br \/>2. Prima di inoltrare ordini ed acquistare prodotti e servizi da soggetti diversi, suggeriamo di verificare le loro condizioni di vendita.<\/li><\/ol><p><br \/>Art. 3 \u2013 Conclusione del contratto<\/p><ol><li>Para celebrar el contrato de compra, ser\u00e1 necesario cumplimentar el formulario electr\u00f3nicamente y enviarlo siguiendo las instrucciones pertinentes.<br \/>2. In esso sono contenuti il rinvio alle Condizioni Generali di Vendita, le informazioni su ciascun servizio acquistato e le immagini di ciascun prodotto ed il relativo prezzo, i mezzi di pagamento che \u00e8 possibile utilizzare, le modalit\u00e0 di consegna dei prodotti acquistati e i relativi costi di spedizione e consegna, un rimando alle condizioni per l\u2019esercizio del diritto di recesso; modalit\u00e0 e tempi di restituzione dei prodotti acquistati. Il venditore non \u00e8 responsabile dell\u2019eventuale inadeguatezza delle rappresentazioni grafiche di prodotti mostrati qualora dovuta a ragioni tecniche, dal momento che le rappresentazioni hanno funzione meramente illustrativa.<br \/>3. Prima di concludere il contratto, sar\u00e0 chiesto di confermare l\u2019avvenuta lettura delle Condizioni Generali di Vendita comprensive dell\u2019Informativa sul diritto di recesso e del trattamento dei dati personali.<br \/>4. Il contratto \u00e8 concluso quando il venditore riceve il formulario compilato dall\u2019utente, previa verifica della correttezza dei dati ivi contenuti.<br \/>5. L\u2019acquirente sar\u00e0 obbligato al pagamento del prezzo dal momento in cui la procedura di inoltro dell\u2019ordine on line sar\u00e0 conclusa. Ci\u00f2 avverr\u00e0 cliccando sul tasto \u201cCompra Ora? Accedi subito a -&gt; da definire\u201d alla fine della procedura guidata.<br \/>6. Concluso il contratto, il venditore prende in carico l\u2019ordine per la sua evasione.<\/li><\/ol><p><br \/>Art. 4 \u2013 Utenti registrati<\/p><ol><li>Nel completare le procedure di registrazione, l\u2019utente \u00e8 tenuto a seguire le indicazioni presenti sul sito e a fornire i propri dati personali in maniera corretta e veritiera.<br \/>2. Una volta effettuata la registrazione, l\u2019utente ricever\u00e0 una mail di conferma nella email da lui fornita. La conferma dovr\u00e0 essere comunicata al massimo entro 7 giorni. Trascorso questo periodo, in difetto di conferma, Go&amp;Co S.R.L. sar\u00e0 liberato da ogni impegno nei confronti dell\u2019utente.<br \/>3. La conferma esonerer\u00e0 in ogni caso Go&amp;Co S.R.L. da ogni responsabilit\u00e0 circa i dati forniti dall\u2019utente. L\u2019 utente si obbliga a informare tempestivamente Go&amp;Co S.R.L. di qualsiasi variazione dei propri dati in ogni tempo comunicati.<br \/>4. Qualora poi l\u2019utente comunichi dati non esatti o incompleti ovvero anche nel caso in cui vi sia contestazione da parte dei soggetti interessati circa i pagamenti effettuati, Go&amp;Co S.R.L. avr\u00e0 facolt\u00e0 di non attivare ovvero di sospendere il servizio fino a sanatoria delle relative mancanze.<br \/>5. In occasione della prima richiesta di attivazione di un profilo da parte dell\u2019utente, Go&amp;Co S.R.L. attribuir\u00e0 allo stesso nome utente ed una password. Quest\u2019ultimo riconosce che tali identificativi costituiscono il sistema di validazione degli accessi dell\u2019utente ai Servizi ed il solo sistema idoneo ad identificare l\u2019utente che gli atti compiuti mediante tale accesso saranno a lui attribuiti e avranno efficacia vincolante nei suoi confronti.<br \/>6. L\u2019utente si obbliga a mantenerne la segretezza dei suoi dati d\u2019accesso e a custodirli con la dovuta cura e diligenza e a non cederli anche temporaneamente a terzi.<\/li><\/ol><p><br \/>Art. 5 \u2013 Disponibilit\u00e0 dei prodotti<\/p><ol><li>La disponibilit\u00e0 dei prodotti si riferisce alla disponibilit\u00e0 effettiva nel momento in cui il l\u2019acquirente effettua l\u2019ordine. Tale disponibilit\u00e0 deve comunque essere considerata puramente indicativa perch\u00e9, per effetto della contemporanea presenza sul sito di pi\u00f9 utenti, i prodotti potrebbero essere venduti ad altri clienti prima della conferma dell\u2019ordine.<br \/>2. Anche in seguito all\u2019invio dell\u2019e-mail di conferma dell\u2019ordine potrebbero verificarsi casi di indisponibilit\u00e0 parziale o totale della merce. In questa eventualit\u00e0, l\u2019ordine verr\u00e0 rettificato automaticamente con l\u2019eliminazione del prodotto non disponibile e il l\u2019acquirente verr\u00e0 immediatamente informato via e-mail.<br \/>3. Se il l\u2019acquirente richiede l\u2019annullamento dell\u2019ordine, risolvendo il contratto, Go&amp;Co S.R.L. rimborser\u00e0 l\u2019importo pagato entro 10 giorni a partire dal momento in cui ha avuto conoscenza della decisione del l\u2019acquirente di risolvere il contratto, e nel caso il prodotto non sia disponibile entro 15 giorni per il nuovo invio<\/li><\/ol><p><br \/>Art. 6 \u2013 Prodotti offerti<\/p><ol><li>it commercializza:<\/li><\/ol><p>Abbigliamento per donna, uomo, bambini, e accessori di moda.<br \/><br \/>2. L\u2019offerta \u00e8 dettagliata nel nostro sito al link: https:\/\/skymade.it\/shop<\/p><p><br \/>Art. 7 \u2013 Modalit\u00e0 di pagamento e prezzi<\/p><ol><li>El precio de los productos y servicios ser\u00e1 el indicado peri\u00f3dicamente en el sitio, salvo error manifiesto.<br \/>2. In caso di errore Go&amp;Co S.R.L. avviser\u00e0 prima possibile l\u2019acquirente consentendo la conferma dell\u2019ordine al giusto importo ovvero l\u2019annullamento. Non sussister\u00e0 ad ogni modo per Go&amp;Co S.R.L. l\u2019obbligo di fornire quanto venduto al prezzo inferiore erroneamente indicato.<br \/>3. I prezzi del sito sono comprensivi di IVA ed includono le spese di spedizione. I prezzi possono subire variazioni in qualsiasi momento. I cambiamenti non riguardano gli ordini per i quali sia stata gi\u00e0 inviata conferma dell\u2019ordine.<br \/>4. Una volta selezionati i prodotti e servizi desiderati, essi saranno aggiunti al carrello. Sar\u00e0 sufficiente seguire le istruzioni per l\u2019acquisto, inserendo o verificando le informazioni richieste in ogni passaggio del processo. I dettagli dell\u2019ordine potranno essere modificati prima del pagamento.<br \/>5. Il pagamento pu\u00f2 essere effettuato tramite tutti i circuiti offerti da Stripe e Paypal e disponibili nella pagina di checkout al momento dell\u2019acquisto<\/li><\/ol><p><br \/>Art. 8 \u2013 Consegna<\/p><ol><li>Skymade effettua spedizioni in tutto il territorio italiano e in tutta Europa.<br \/>2. Skymade effettuer\u00e0 solamente consegne presso il domicilio dell\u2019utente, fornito al momento dell\u2019acquisto.<br \/>3. La consegna viene effettuata generalmente entro 10 giorni, o, qualora non fosse specificata alcuna data di consegna, entro il termine stimato al momento della selezione della modalit\u00e0 di consegna e, in ogni caso, entro il termine massimo di trenta giorni dalla data della conferma. <br \/>4. Qualora non fosse possibile effettuare la consegna, l\u2019ordine verr\u00e0 inviato al deposito. In tale evenienza, un avviso preciser\u00e0 luogo in cui si trova l\u2019ordine e le modalit\u00e0 con cui concordare una nuova consegna.<br \/>5. Qualora non fosse in grado di essere presente nel luogo di consegna all\u2019orario concordato, Le chiediamo di contattarci nuovamente per concordare una nuova data di consegna.<br \/>6. Qualora la consegna non possa avere luogo per cause a noi non imputabili dopo trenta giorni dalla data in cui l\u2019ordine \u00e8 disponibile per la consegna, assumeremo che si intenda risolvere il contratto senza rimborso.<br \/>7. In conseguenza della risoluzione gli importi saranno restituiti, inclusi i costi di consegna con l\u2019esclusione di eventuali costi addizionali derivanti dalla scelta di un metodo di consegna diverso dal metodo ordinario offerto senza ingiustificato ritardo e, in ogni caso, entro 30 giorni dalla data di risoluzione del contratto. Il trasporto derivante dalla risoluzione del contratto potrebbe avere costi addizionali che saranno a carico dell\u2019acquirente.<br \/>8. Le spese di spedizione sono a carico dell\u2019acquirente e sono evidenziate esplicitamente al momento dell\u2019effettuazione dell\u2019ordine.<\/li><\/ol><p><br \/>Art. 9 \u2013 Passaggio del rischio<\/p><ol><li>I rischi relativi ai prodotti passeranno a carico dell\u2019acquirente a partire dal momento della consegna. La propriet\u00e0 dei prodotti si considera acquisita appena ricevuto il pagamento completo di tutti gli importi dovuti in relazione agli stessi, incluse le spese di spedizione, ovvero al momento della consegna, se questa avvenisse in un secondo momento.<\/li><\/ol><p><br \/>Art. 10 \u2013 Garanzia e conformit\u00e0 commerciale<\/p><ol><li>El vendedor es responsable de cualquier defecto de los productos ofrecidos en el sitio, incluida la falta de conformidad de los art\u00edculos con los productos solicitados, de conformidad con las disposiciones de la legislaci\u00f3n italiana.<br \/>2. Se l\u2019acquirente ha stipulato il contratto in qualit\u00e0 di consumatore ovverosia qualsiasi persona fisica che agisca sul sito per scopi estranei all\u2019attivit\u00e0 imprenditoriale o professionale eventualmente svolta, la presente garanzia \u00e8 valida a condizione che il difetto si manifesti entro 24 mesi dalla data di consegna dei prodotti; che l\u2019acquirente presenti reclamo formale relativamente ai difetti entro un massimo di 2 mesi dalla data in cui il difetto \u00e8 stato da quest\u2019ultimo riconosciuto; che venga compilato correttamente il modulo di reso online. La garanzia copre esclusivamente i difetti di conformit\u00e0 esistenti al momento della consegna del prodotto. Sono esclusi dalla garanzia i danni derivanti da normale usura, da trattamenti impropri, da lavaggi non conformi alle istruzioni riportate sull\u2019etichetta o da qualsiasi utilizzo scorretto del prodotto rispetto alla sua natura e destinazione d\u2019uso.<br \/>3. In caso di mancata conformit\u00e0, il l\u2019acquirente che ha stipulato il contratto in qualit\u00e0 di consumatore avr\u00e0 diritto ad ottenere il ripristino della conformit\u00e0 dei prodotti senza spese, mediante riparazione o sostituzione, ovvero di ottenere un\u2019appropriata riduzione di prezzo ovvero la risoluzione del contratto relativamente ai beni contestati e la conseguente restituzione del prezzo.<br \/>4. Tutti i costi di restituzione per prodotti difettosi saranno sostenuti dal venditore dopo aver verificato l\u2019effettivo difetto di produzione.<\/li><\/ol><p><br \/>Art. 11 \u2013 Recesso<\/p><ol><li>Conformemente alle disposizioni legali in vigore, l\u2019acquirente ha diritto di recedere dall\u2019acquisto senza alcuna penalit\u00e0 e senza specificarne il motivo, entro il termine di 14 giorni ai sensi dell\u2019art. 57 del D.lgs 206\/2005 decorrenti dalla data di ricezione dei prodotti.<br \/>3. In caso di acquisti multipli effettuati dal l\u2019acquirente con un solo ordine e consegnati separatamente, il termine di 14 giorni decorre dalla data di ricezione di ogni singolo prodotto.<br \/>4. L\u2019utente che intendesse esercitare il diritto di recesso dell\u2019acquisto potr\u00e0 inviare una mail, indicando il numero ordine e nome dell\u2019utente, a:<br \/><a href=\"mailto:assistenza@skymade.it\">assistenza@skymade.it<\/a><br \/>5. La merce dovr\u00e0 essere rispedita a all\u2019indirizzo indicato via email in risposta alla vostra richiesta di recesso.<br \/><br \/>7. La merce dovr\u00e0 essere restituita integra, nella confezione originale, completa in tutte le sue parti e completa della documentazione fiscale annessa. Fatta salva la facolt\u00e0 di verificare il rispetto di quanto sopra, il sito provveder\u00e0 a rimborsare l\u2019importo dei prodotti oggetto del recesso entro un termine massimo di 30 giorni, al netto dei costi di.<br \/>8. Come previsto dall\u2019art. 56 comma 3 del D.Lgs 206\/2005, modificato dal D.lgs 21\/2014, il sito pu\u00f2 sospendere il rimborso fino al ricevimento dei beni oppure fino all\u2019avvenuta dimostrazione da parte del l\u2019acquirente di aver rispedito i beni.<br \/>9. Non si applicher\u00e0 il diritto al recesso nel caso in cui i servizi e prodotti di Skymade sono inclusi nelle categorie dell\u2019art. 59 del D.Lgs 206\/2005.<br \/>10. Il sito eseguir\u00e0 il rimborso utilizzando lo stesso mezzo di pagamento scelto dal l\u2019acquirente in fase di acquisto. Nel caso di pagamento effettuato con bonifico, e qualora il l\u2019acquirente intenda esercitare il proprio diritto di recesso, dovr\u00e0 fornire le coordinate bancarie: IBAN, SWIFT e BIC necessari all\u2019effettuazione del rimborso.<\/li><\/ol><p><br \/>Art. 12 \u2013 Trattamento dei dati<\/p><ol><li>I dati del l\u2019acquirente sono trattati conformemente a quanto previsto dalla normativa in materia di protezione dei dati personali, come specificato nell\u2019apposita sezione contenente l\u2019informativa ai sensi dell\u2019art. 13 D.lgs. 30 giugno 2003 e dell\u2019art. 13 Regolamento UE 2016\/679 (Privacy Policy). Si puo inserire che useremo i dati per e-fashionchic e per pubblicita (mailing gruppi telegram o whatsapp)<\/li><\/ol><p><br \/>Art. 13 \u2013 Clausola di salvaguardia<\/p><ol><li>Nell\u2019ipotesi in cui una delle clausole delle presenti Condizioni Generali di Vendita fosse nulla per qualsivoglia motivo ci\u00f2 non comprometter\u00e0 in nessun caso la validit\u00e0 e il rispetto delle altre disposizioni figuranti nelle presenti Condizioni Generali di Vendita.<\/li><\/ol><p><br \/>Art. 14 \u2013 Contatti<\/p><ol><li>Ogni richiesta di informazione potr\u00e0 essere inviata via mail al seguente indirizzo assistenza@skymade.it<\/li><\/ol><p><br \/>Art. 15 \u2013 Legge applicabile e foro competente<\/p><ol><li>Le presenti Condizioni Generali di Vendita sono disciplinate dal diritto italiano ed interpretate in base ad esso, fatta salva qualsiasi diversa norma imperativa prevalente del paese di residenza abituale del l\u2019acquirente. Di conseguenza l\u2019interpretazione, esecuzione e risoluzione delle Condizioni Generali di Vendita sono soggette esclusivamente alla legge Italiana.<br \/>2. Eventuali controversie inerenti e\/o conseguenti alle stesse dovranno essere risolte in via esclusiva dall\u2019autorit\u00e0 giurisdizionale Italiana. In particolare, qualora il l\u2019acquirente rivesta la qualifica di Consumatore, le eventuali controversie dovranno essere risolte dal tribunale del luogo di domicilio o residenza dello stesso in base alla legge applicabile.<\/li><\/ol><p><br \/>Le presenti condizioni sono state redatte in data 02\/06\/2025<\/p>\t\t\t\t\t\t\t\t<\/div>\n\t\t\t\t<\/div>\n\t\t\t\t\t<\/div>\n\t\t\t\t<\/div>\n\t\t\t\t<\/div>","protected":false},"excerpt":{"rendered":"<p>CONDIZIONI GENERALI DI VENDITA INTRODUZIONE GENERALE Art. 1 \u2013 Disposizioni generali L\u2019utente navigando in quest\u2019area accede a skymade.it, accessibile mediante l\u2019url: https:\/\/www.skymade.it\/ (d\u2019ora in avanti chiamato \u201cskymade\u201d). La navigazione e la trasmissione di un ordine di acquisto sul sito comportano l\u2019accettazione delle Condizioni e delle Politiche di Protezione dei Dati adottate dal sito stesso ivi&#8230;<\/p>","protected":false},"author":1,"featured_media":0,"parent":0,"menu_order":0,"comment_status":"closed","ping_status":"closed","template":"elementor_header_footer","meta":{"inline_featured_image":false,"_kad_post_transparent":"","_kad_post_title":"","_kad_post_layout":"","_kad_post_sidebar_id":"","_kad_post_content_style":"","_kad_post_vertical_padding":"","_kad_post_feature":"","_kad_post_feature_position":"","_kad_post_header":false,"_kad_post_footer":false,"_kad_post_classname":"","footnotes":""},"class_list":["post-16","page","type-page","status-publish","hentry"],"jetpack_sharing_enabled":true,"_links":{"self":[{"href":"https:\/\/www.skymade.it\/es\/wp-json\/wp\/v2\/pages\/16","targetHints":{"allow":["GET"]}}],"collection":[{"href":"https:\/\/www.skymade.it\/es\/wp-json\/wp\/v2\/pages"}],"about":[{"href":"https:\/\/www.skymade.it\/es\/wp-json\/wp\/v2\/types\/page"}],"author":[{"embeddable":true,"href":"https:\/\/www.skymade.it\/es\/wp-json\/wp\/v2\/users\/1"}],"replies":[{"embeddable":true,"href":"https:\/\/www.skymade.it\/es\/wp-json\/wp\/v2\/comments?post=16"}],"version-history":[{"count":0,"href":"https:\/\/www.skymade.it\/es\/wp-json\/wp\/v2\/pages\/16\/revisions"}],"wp:attachment":[{"href":"https:\/\/www.skymade.it\/es\/wp-json\/wp\/v2\/media?parent=16"}],"curies":[{"name":"wp","href":"https:\/\/api.w.org\/{rel}","templated":true}]}}