{"id":774,"date":"2024-06-10T13:49:50","date_gmt":"2024-06-10T11:49:50","guid":{"rendered":"https:\/\/www.veqexperience.com\/?page_id=774"},"modified":"2025-06-01T23:42:01","modified_gmt":"2025-06-01T21:42:01","slug":"about-2","status":"publish","type":"page","link":"https:\/\/www.skymade.it\/en\/about\/","title":{"rendered":"Storia"},"content":{"rendered":"<div data-elementor-type=\"wp-page\" data-elementor-id=\"774\" class=\"elementor elementor-774\" data-elementor-post-type=\"page\">\n\t\t\t\t<div class=\"elementor-element elementor-element-1c11c9a e-flex e-con-boxed e-con e-parent\" data-id=\"1c11c9a\" data-element_type=\"container\" data-e-type=\"container\" data-settings=\"{&quot;background_background&quot;:&quot;classic&quot;}\">\n\t\t\t\t\t<div class=\"e-con-inner\">\n\t\t<div class=\"elementor-element elementor-element-9463dcb e-con-full animated-fast elementor-hidden-desktop elementor-hidden-tablet elementor-hidden-mobile e-flex elementor-invisible e-con e-child\" data-id=\"9463dcb\" data-element_type=\"container\" data-e-type=\"container\" data-settings=\"{&quot;position&quot;:&quot;absolute&quot;,&quot;background_background&quot;:&quot;classic&quot;,&quot;animation&quot;:&quot;none&quot;,&quot;animation_delay&quot;:&quot;0&quot;}\">\n\t\t\t\t<div class=\"elementor-element elementor-element-d7c9ff6 elementor-view-default elementor-widget elementor-widget-icon\" data-id=\"d7c9ff6\" data-element_type=\"widget\" data-e-type=\"widget\" data-widget_type=\"icon.default\">\n\t\t\t\t<div class=\"elementor-widget-container\">\n\t\t\t\t\t\t\t<div class=\"elementor-icon-wrapper\">\n\t\t\t<a class=\"elementor-icon\" href=\"#elementor-action%3Aaction%3Dlightbox%26settings%3DeyJ0eXBlIjoidmlkZW8iLCJ2aWRlb1R5cGUiOiJob3N0ZWQiLCJ1cmwiOiJodHRwczpcL1wvd3d3LnBhbG1hcmVhLml0XC93cC1jb250ZW50XC91cGxvYWRzXC8yMDI0XC8xMlwvUEFMTUFSRUEtMDEtMS5tcDQifQ%3D%3D\">\n\t\t\t<svg xmlns=\"http:\/\/www.w3.org\/2000\/svg\" width=\"512\" height=\"512\" viewbox=\"0 0 15 15\"><path fill=\"currentColor\" fill-rule=\"evenodd\" d=\"M3.242 2.322a.5.5 0 0 1 .491-.014l9 4.75a.5.5 0 0 1 0 .884l-9 4.75A.5.5 0 0 1 3 12.25v-9.5a.5.5 0 0 1 .242-.428ZM4 3.579v7.842L11.429 7.5L4 3.58Z\" clip-rule=\"evenodd\"><\/path><\/svg>\t\t\t<\/a>\n\t\t<\/div>\n\t\t\t\t\t\t<\/div>\n\t\t\t\t<\/div>\n\t\t\t\t<div class=\"elementor-element elementor-element-fc74ef7 elementor-widget elementor-widget-button\" data-id=\"fc74ef7\" data-element_type=\"widget\" data-e-type=\"widget\" data-widget_type=\"button.default\">\n\t\t\t\t<div class=\"elementor-widget-container\">\n\t\t\t\t\t\t\t\t\t<div class=\"elementor-button-wrapper\">\n\t\t\t\t\t<a class=\"elementor-button elementor-button-link elementor-size-sm\" href=\"#elementor-action%3Aaction%3Dlightbox%26settings%3DeyJ0eXBlIjoidmlkZW8iLCJ2aWRlb1R5cGUiOiJob3N0ZWQiLCJ1cmwiOiJodHRwczpcL1wvd3d3LnBhbG1hcmVhLml0XC93cC1jb250ZW50XC91cGxvYWRzXC8yMDI0XC8xMlwvUEFMTUFSRUEtMDEtMS5tcDQifQ%3D%3D\">\n\t\t\t\t\t\t<span class=\"elementor-button-content-wrapper\">\n\t\t\t\t\t\t\t\t\t<span class=\"elementor-button-text\">WATCH THE TRAILER<\/span>\n\t\t\t\t\t<\/span>\n\t\t\t\t\t<\/a>\n\t\t\t\t<\/div>\n\t\t\t\t\t\t\t\t<\/div>\n\t\t\t\t<\/div>\n\t\t\t\t<\/div>\n\t\t\t\t\t<\/div>\n\t\t\t\t<\/div>\n\t\t<div class=\"elementor-element elementor-element-328e3d1 e-flex e-con-boxed e-con e-parent\" data-id=\"328e3d1\" data-element_type=\"container\" data-e-type=\"container\">\n\t\t\t\t\t<div class=\"e-con-inner\">\n\t\t<div class=\"elementor-element elementor-element-0647291 e-con-full e-flex e-con e-child\" data-id=\"0647291\" data-element_type=\"container\" data-e-type=\"container\">\n\t\t\t\t<div class=\"elementor-element elementor-element-9fb9218 elementor-invisible elementor-widget elementor-widget-heading\" data-id=\"9fb9218\" data-element_type=\"widget\" data-e-type=\"widget\" data-settings=\"{&quot;_animation&quot;:&quot;fadeInUp&quot;}\" data-widget_type=\"heading.default\">\n\t\t\t\t<div class=\"elementor-widget-container\">\n\t\t\t\t\t<h2 class=\"elementor-heading-title elementor-size-default\">OUR CONCEPT <\/h2>\t\t\t\t<\/div>\n\t\t\t\t<\/div>\n\t\t\t\t<div class=\"elementor-element elementor-element-55fa264 elementor-widget__width-initial elementor-widget elementor-widget-text-editor\" data-id=\"55fa264\" data-element_type=\"widget\" data-e-type=\"widget\" data-widget_type=\"text-editor.default\">\n\t\t\t\t<div class=\"elementor-widget-container\">\n\t\t\t\t\t\t\t\t\t<div class=\"mb-4 last:mb-0 whitespace-pre-wrap u-break-words\">&#8220;Esplorare l&#8217;eleganza con consapevolezza, sentendo il richiamo della tradizione e il fascino della qualit\u00e0 senza tempo.<\/div><div class=\"mb-4 last:mb-0 whitespace-pre-wrap u-break-words\">Ogni giorno \u00e8 un&#8217;opportunit\u00e0 per esprimere la propria personalit\u00e0 attraverso capi che raccontano una storia di artigianalit\u00e0 e attenzione ai dettagli.<\/div><div class=\"mb-4 last:mb-0 whitespace-pre-wrap u-break-words\">Per chi apprezza la raffinatezza, la qualit\u00e0 dei materiali e il design italiano, c&#8217;\u00e8 un mondo di possibilit\u00e0 da scoprire.<\/div><div class=\"mb-4 last:mb-0 whitespace-pre-wrap u-break-words\">Vivere con stile, vivere con autenticit\u00e0.<\/div><div class=\"mb-4 last:mb-0 whitespace-pre-wrap u-break-words\">SKYMADE: eleganza come espressione di s\u00e9.<\/div>\t\t\t\t\t\t\t\t<\/div>\n\t\t\t\t<\/div>\n\t\t\t\t<div class=\"elementor-element elementor-element-6891c15 elementor-widget__width-initial elementor-widget elementor-widget-text-editor\" data-id=\"6891c15\" data-element_type=\"widget\" data-e-type=\"widget\" data-widget_type=\"text-editor.default\">\n\t\t\t\t<div class=\"elementor-widget-container\">\n\t\t\t\t\t\t\t\t\t<p><span style=\"text-decoration: underline;\"><a href=\"\/en\/shop-2\/\">Go to the collection<\/a><\/span><\/p>\t\t\t\t\t\t\t\t<\/div>\n\t\t\t\t<\/div>\n\t\t\t\t<\/div>\n\t\t\t\t\t<\/div>\n\t\t\t\t<\/div>\n\t\t\t\t<\/div>","protected":false},"excerpt":{"rendered":"<p>WATCH THE TRAILER OUR CONCEPT &#8220;Esplorare l&#8217;eleganza con consapevolezza, sentendo il richiamo della tradizione e il fascino della qualit\u00e0 senza tempo.Ogni giorno \u00e8 un&#8217;opportunit\u00e0 per esprimere la propria personalit\u00e0 attraverso capi che raccontano una storia di artigianalit\u00e0 e attenzione ai dettagli.Per chi apprezza la raffinatezza, la qualit\u00e0 dei materiali e il design italiano, c&#8217;\u00e8 un&#8230;<\/p>","protected":false},"author":2,"featured_media":0,"parent":0,"menu_order":0,"comment_status":"closed","ping_status":"closed","template":"","meta":{"inline_featured_image":false,"_kad_post_transparent":"","_kad_post_title":"hide","_kad_post_layout":"fullwidth","_kad_post_sidebar_id":"","_kad_post_content_style":"unboxed","_kad_post_vertical_padding":"hide","_kad_post_feature":"hide","_kad_post_feature_position":"","_kad_post_header":false,"_kad_post_footer":false,"_kad_post_classname":"","footnotes":""},"class_list":["post-774","page","type-page","status-publish","hentry"],"jetpack_sharing_enabled":true,"_links":{"self":[{"href":"https:\/\/www.skymade.it\/en\/wp-json\/wp\/v2\/pages\/774","targetHints":{"allow":["GET"]}}],"collection":[{"href":"https:\/\/www.skymade.it\/en\/wp-json\/wp\/v2\/pages"}],"about":[{"href":"https:\/\/www.skymade.it\/en\/wp-json\/wp\/v2\/types\/page"}],"author":[{"embeddable":true,"href":"https:\/\/www.skymade.it\/en\/wp-json\/wp\/v2\/users\/2"}],"replies":[{"embeddable":true,"href":"https:\/\/www.skymade.it\/en\/wp-json\/wp\/v2\/comments?post=774"}],"version-history":[{"count":0,"href":"https:\/\/www.skymade.it\/en\/wp-json\/wp\/v2\/pages\/774\/revisions"}],"wp:attachment":[{"href":"https:\/\/www.skymade.it\/en\/wp-json\/wp\/v2\/media?parent=774"}],"curies":[{"name":"wp","href":"https:\/\/api.w.org\/{rel}","templated":true}]}}